{"id":1181,"date":"2026-02-27T17:24:52","date_gmt":"2026-02-27T16:24:52","guid":{"rendered":"https:\/\/acuproduction.com\/?page_id=1181"},"modified":"2026-02-27T17:28:36","modified_gmt":"2026-02-27T16:28:36","slug":"devenir-mecene","status":"publish","type":"page","link":"https:\/\/acuproduction.com\/index.php\/devenir-mecene\/","title":{"rendered":"Devenir m\u00e9c\u00e8ne"},"content":{"rendered":"\n<h2>Soutenez un cin\u00e9ma ind\u00e9pendant, libre et engag\u00e9<\/h2>\n\n\n\n<p>ACU Production d\u00e9veloppe depuis l\u2019Alsace des projets cin\u00e9matographiques et artistiques port\u00e9s par une vision singuli\u00e8re : raconter des histoires humaines, sensibles et ancr\u00e9es dans le r\u00e9el.<\/p>\n\n\n\n<p>Aujourd\u2019hui, nous ouvrons notre cercle de m\u00e9c\u00e8nes pour permettre \u00e0 nos prochains films de voir le jour dans des conditions professionnelles ambitieuses.<\/p>\n\n\n\n<p><strong>Votre soutien fait concr\u00e8tement exister les films.<\/strong><\/p>\n\n\n\n<h2>\ud83c\udfac Le projet actuellement soutenu<\/h2>\n\n\n\n<p><strong>Titre :<\/strong> Et le monde sourit avec toi<br><strong>Format :<\/strong> Long m\u00e9trage<br><strong>Stade :<\/strong> \u00e9criture et composition des chansons<br><strong>Montant recherch\u00e9 aupr\u00e8s des m\u00e9c\u00e8nes :<\/strong> 10 000\u20ac pour la composition des chansons, leur enregistrement en studio, leur mixage, le mastering <\/p>\n\n\n\n<h3>Le film en quelques lignes<\/h3>\n\n\n\n<div class=\"wp-block-media-text alignwide is-stacked-on-mobile\"><figure class=\"wp-block-media-text__media\"><img decoding=\"async\" loading=\"lazy\" width=\"668\" height=\"506\" src=\"http:\/\/acuproduction.com\/wp-content\/uploads\/2025\/05\/Visuel-pour-dossier-et-le-monde-sourit-avec-toi-.png\" alt=\"\" class=\"wp-image-935 size-full\" srcset=\"https:\/\/acuproduction.com\/wp-content\/uploads\/2025\/05\/Visuel-pour-dossier-et-le-monde-sourit-avec-toi-.png 668w, https:\/\/acuproduction.com\/wp-content\/uploads\/2025\/05\/Visuel-pour-dossier-et-le-monde-sourit-avec-toi--300x227.png 300w\" sizes=\"(max-width: 668px) 100vw, 668px\" \/><\/figure><div class=\"wp-block-media-text__content\">\n<p>Dans un monde fig\u00e9 en noir et blanc, quelque part dans les ann\u00e9es 50 d\u2019apr\u00e8s-guerre, L\u00e9on m\u00e8ne une vie monotone, rythm\u00e9e par la solitude et la routine. Tout change lorsqu\u2019il croise le regard de&nbsp;<strong>Lucette<\/strong>, une jeune chanteuse lumineuse dont la simple pr\u00e9sence insuffle de la couleur dans son univers gris. Peu \u00e0 peu, la musique et les \u00e9motions r\u00e9veillent ce monde endormi.<\/p>\n\n\n\n<p>Entre eux na\u00eet une romance silencieuse, racont\u00e9e sans un mot, mais port\u00e9e par les regards, les gestes tendres et deux&nbsp;<strong>chansons originales envo\u00fbtantes<\/strong>, dont l\u2019une compos\u00e9e par le groupe local&nbsp;<strong>Pop Up<\/strong>, avec les voix d\u2019<strong>Emilie Levilain<\/strong>,&nbsp;<strong>Jiulia Via<\/strong>&nbsp;et&nbsp;<strong>Ana\u00efs Gasparini<\/strong>. Leurs costumes ont \u00e9t\u00e9 fait sur mesure par la couturi\u00e8re&nbsp;<strong>Catherine Fischbach<\/strong>&nbsp;sp\u00e9cialis\u00e9 dans le vintage avec son entreprise&nbsp;<strong>Cat\u2019s Couture<\/strong>. La musique du film sera compos\u00e9 par le talentueux compositeur de films de&nbsp;<strong>David Reyes<\/strong>.<\/p>\n\n\n\n<p>Mais l\u2019\u00e9veil \u00e0 la couleur et \u00e0 l\u2019amour se heurte \u00e0 une r\u00e9alit\u00e9 implacable :&nbsp;<strong>Lucette est promise \u00e0 un autre<\/strong>, un pr\u00e9tendant choisi par son p\u00e8re, pr\u00eat \u00e0 tout pour d\u00e9fendre ce qu\u2019il croit lui appartenir. Alors que les sentiments s\u2019\u00e9panouissent, la menace plane, et le monde de L\u00e9on pourrait bien replonger dans l\u2019ombre.<\/p>\n\n\n\n<p>Tourn\u00e9 \u00e0 la mani\u00e8re des grands classiques romantiques des ann\u00e9es 50,&nbsp;<em>Et le monde sourit avec toi<\/em>&nbsp;est une fable visuelle poignante, o\u00f9&nbsp;<strong>la couleur devient le symbole de l\u2019amour, de la libert\u00e9, et du bonheur partag\u00e9<\/strong>. Un film sans dialogue mais riche d\u2019\u00e9motions, qui nous rappelle que m\u00eame dans les temps les plus sombres,&nbsp;<strong>un sourire peut faire rayonner le monde.<\/strong><\/p>\n<\/div><\/div>\n\n\n\n<h2>\u2728 Pourquoi devenir m\u00e9c\u00e8ne ?<\/h2>\n\n\n\n<p>En rejoignant ACU Production, vous :<\/p>\n\n\n\n<ul>\n<li>participez directement \u00e0 la cr\u00e9ation d\u2019\u0153uvres ind\u00e9pendantes<\/li>\n\n\n\n<li>soutenez une artiste et une structure implant\u00e9es en r\u00e9gion Grand Est<\/li>\n\n\n\n<li>contribuez \u00e0 la vitalit\u00e9 culturelle locale<\/li>\n\n\n\n<li>b\u00e9n\u00e9ficiez d\u2019une r\u00e9duction fiscale (selon la l\u00e9gislation en vigueur)<\/li>\n\n\n\n<li>entrez dans les coulisses d\u2019une aventure cin\u00e9matographique<\/li>\n<\/ul>\n\n\n\n<h2>\ud83d\udcb0 Modalit\u00e9s de soutien<\/h2>\n\n\n\n<p>ACU Production est actuellement exploit\u00e9e en entreprise individuelle.<\/p>\n\n\n\n<p>Les contributions prennent la forme de :<\/p>\n\n\n\n<ul>\n<li>soutien au projet<\/li>\n\n\n\n<li>partenariat<\/li>\n\n\n\n<li>ou coproduction selon les cas<\/li>\n<\/ul>\n\n\n\n<p>Chaque collaboration fait l\u2019objet d\u2019un \u00e9change personnalis\u00e9 afin de d\u00e9finir le cadre le plus adapt\u00e9.<\/p>\n\n\n\n<p>\ud83d\udce9 N\u2019h\u00e9sitez pas \u00e0 nous contacter pour en discuter.<\/p>\n\n\n\n<h2>\ud83c\udf1f Niveaux de m\u00e9c\u00e9nat<\/h2>\n\n\n\n<h3>\ud83c\udf9f Ami du film \u2014 \u00e0 partir de 200 \u20ac<\/h3>\n\n\n\n<ul>\n<li>remerciement nominatif<\/li>\n\n\n\n<li>nom au g\u00e9n\u00e9rique de fin<\/li>\n<\/ul>\n\n\n\n<h3>\ud83c\udfac M\u00e9c\u00e8ne \u2014 \u00e0 partir de 1 000 \u20ac<\/h3>\n\n\n\n<ul>\n<li>contreparties pr\u00e9c\u00e9dentes<\/li>\n\n\n\n<li>invitation \u00e0 une projection priv\u00e9e<\/li>\n\n\n\n<li>invitation \u00e0 venir une journ\u00e9e sur le tournage (selon planning)<\/li>\n<\/ul>\n\n\n\n<h3>\ud83c\udfc6 Grand m\u00e9c\u00e8ne \u2014 \u00e0 partir de 5 000 \u20ac<\/h3>\n\n\n\n<ul>\n<li>contreparties pr\u00e9c\u00e9dentes<\/li>\n\n\n\n<li>rencontre privil\u00e9gi\u00e9e avec l\u2019\u00e9quipe<\/li>\n\n\n\n<li>logo ou nom mis en avant<\/li>\n\n\n\n<li>mention dans le g\u00e9n\u00e9rique de d\u00e9but \u00e0 l&rsquo;ouverture du film<\/li>\n<\/ul>\n\n\n\n<h3>\ud83c\udfa5 Producteur associ\u00e9 \u2014 \u00e0 partir de 10 000 \u20ac<\/h3>\n\n\n\n<ul>\n<li>tous les avantages pr\u00e9c\u00e9dents<\/li>\n\n\n\n<li>cr\u00e9dit \u00ab Producteur associ\u00e9 \u00bb au g\u00e9n\u00e9rique<\/li>\n\n\n\n<li>acc\u00e8s prioritaire aux avant-premi\u00e8res et \u00e9v\u00e9nements<\/li>\n\n\n\n<li>invitation VIP sur le tournage<\/li>\n\n\n\n<li>mention dans tous les visuels de communication du film <\/li>\n\n\n\n<li>\u00e9change strat\u00e9gique privil\u00e9gi\u00e9 avec la r\u00e9alisatrice sur le projet<\/li>\n<\/ul>\n\n\n\n<p><em>(Les contreparties peuvent \u00eatre adapt\u00e9es selon votre souhait d\u2019implication.)<\/em><\/p>\n\n\n\n<h2>\ud83d\udd12 Transparence<\/h2>\n\n\n\n<p>Chaque contribution est :<\/p>\n\n\n\n<ul>\n<li>trac\u00e9e dans la production<\/li>\n\n\n\n<li>affect\u00e9e directement au film<\/li>\n\n\n\n<li>suivie par ACU Production<\/li>\n<\/ul>\n\n\n\n<p>Nous privil\u00e9gions une relation de confiance, claire et durable avec nos m\u00e9c\u00e8nes.<\/p>\n\n\n\n<h2>\ud83e\udd1d Parlons de votre participation<\/h2>\n\n\n\n<p>Chaque m\u00e9c\u00e8ne est unique. Nous pouvons imaginer ensemble la forme de votre engagement.<\/p>\n\n\n\n<p>\ud83d\udce9 <strong>Contact direct :<\/strong><br>Ana\u00efs Gasparini \u2014 ACU Production<br>Email : casting-acu@hotmail.com<br>Localisation : Alsace \u2014 Grand Est<\/p>\n\n\n\n<p><strong>\u00c9changeons en toute simplicit\u00e9.<\/strong><\/p>\n\n\n\n<h2>\u2764\ufe0f Merci<\/h2>\n\n\n\n<p>Soutenir ACU Production, c\u2019est permettre \u00e0 un cin\u00e9ma ind\u00e9pendant et incarn\u00e9 d\u2019exister.<\/p>\n\n\n\n<p>Nous serions honor\u00e9s de vous compter parmi les m\u00e9c\u00e8nes de l\u2019aventure.<\/p>\n","protected":false},"excerpt":{"rendered":"<p>Soutenez un cin\u00e9ma ind\u00e9pendant, libre et engag\u00e9 ACU Production d\u00e9veloppe depuis l\u2019Alsace des projets cin\u00e9matographiques et artistiques port\u00e9s par une vision singuli\u00e8re : raconter des histoires humaines, sensibles et ancr\u00e9es dans le r\u00e9el. Aujourd\u2019hui, nous ouvrons notre cercle de m\u00e9c\u00e8nes pour permettre \u00e0 nos prochains films de voir le jour dans des conditions professionnelles ambitieuses. &hellip; <\/p>\n<p class=\"link-more\"><a href=\"https:\/\/acuproduction.com\/index.php\/devenir-mecene\/\" class=\"more-link\">Lire la suite de<span class=\"screen-reader-text\">\u00ab\u00a0Devenir m\u00e9c\u00e8ne\u00a0\u00bb<\/span><\/a><\/p>\n","protected":false},"author":1,"featured_media":0,"parent":0,"menu_order":0,"comment_status":"closed","ping_status":"closed","template":"","meta":[],"featured_media_urls":[],"_links":{"self":[{"href":"https:\/\/acuproduction.com\/index.php\/wp-json\/wp\/v2\/pages\/1181"}],"collection":[{"href":"https:\/\/acuproduction.com\/index.php\/wp-json\/wp\/v2\/pages"}],"about":[{"href":"https:\/\/acuproduction.com\/index.php\/wp-json\/wp\/v2\/types\/page"}],"author":[{"embeddable":true,"href":"https:\/\/acuproduction.com\/index.php\/wp-json\/wp\/v2\/users\/1"}],"replies":[{"embeddable":true,"href":"https:\/\/acuproduction.com\/index.php\/wp-json\/wp\/v2\/comments?post=1181"}],"version-history":[{"count":2,"href":"https:\/\/acuproduction.com\/index.php\/wp-json\/wp\/v2\/pages\/1181\/revisions"}],"predecessor-version":[{"id":1185,"href":"https:\/\/acuproduction.com\/index.php\/wp-json\/wp\/v2\/pages\/1181\/revisions\/1185"}],"wp:attachment":[{"href":"https:\/\/acuproduction.com\/index.php\/wp-json\/wp\/v2\/media?parent=1181"}],"curies":[{"name":"wp","href":"https:\/\/api.w.org\/{rel}","templated":true}]}}