{"id":478,"date":"2024-01-17T12:45:42","date_gmt":"2024-01-17T11:45:42","guid":{"rendered":"https:\/\/acuproduction.com\/?page_id=478"},"modified":"2025-07-11T18:57:18","modified_gmt":"2025-07-11T16:57:18","slug":"metteure-en-scene-europeenne","status":"publish","type":"page","link":"https:\/\/acuproduction.com\/index.php\/metteure-en-scene-europeenne\/","title":{"rendered":"Metteure en sc\u00e8ne europ\u00e9enne : EUROPASCENE"},"content":{"rendered":"\n<p><em>Depuis 2023, Ana\u00efs Gasparini est metteure en sc\u00e8ne pour des apprentis (niveau CAP, BTS) des deux c\u00f4t\u00e9s du Rhin. Son quadrilinguisme lui permet d&rsquo;enseigner le th\u00e9\u00e2tre en France comme en Allemagne.<\/em><\/p>\n\n\n\n<p><em>DECOUVREZ LE CONCEPT ET LE PROGRAMME D&rsquo;EUROPASCENE ICI<\/em> : <a rel=\"noreferrer noopener\" href=\"https:\/\/apprentiscene.fr\/europascene\/\" data-type=\"URL\" data-id=\"https:\/\/apprentiscene.fr\/europascene\/\" target=\"_blank\">https:\/\/apprentiscene.fr\/europascene\/<\/a><\/p>\n\n\n\n<p><strong>Edition 2025<\/strong> <\/p>\n\n\n\n<p>Cette ann\u00e9e Ana\u00efs Gasparini est \u00e0 nouveau \u00e0 la mise en sc\u00e8ne avec deux groupes avec de tous nouveaux milieux : en 2025 ce sont des m\u00e9talliers et des coiffeuses qui se sont fait accompagn\u00e9s par l&rsquo;artiste. La comp\u00e9tition de cette ann\u00e9e s&rsquo;est sold\u00e9 par un PRIX DU PUBLIC et de la 3EME PLACE EN FINALE.<\/p>\n\n\n\n<p>Pour les coiffeuses, Ana\u00efs Gasparini a d\u00e9cid\u00e9 d&rsquo;offrir \u00e0 Europasc\u00e8ne une sc\u00e8ne unique en slam sur la situation des coiffeuses aujourd&rsquo;hui : on y parle autant des d\u00e9rives de ce m\u00e9tier en apprentissage, \u00e9crit \u00e0 partir de faits r\u00e9els rapport\u00e9s lors des ateliers de pr\u00e9paration, et d&rsquo;autre part on parle de la passion de ce m\u00e9tier et quel serait leur salon de coiffure id\u00e9al.<strong> VIDEO A VENIR<\/strong><\/p>\n\n\n\n<p>Le groupe a \u00e9t\u00e9 s\u00e9lectionn\u00e9 en finale en obtenant LE PRIX DU PUBLIC.<\/p>\n\n\n\n<p>Puis lors de la grande finale, le risque d&rsquo;avoir propos\u00e9 une sc\u00e8ne originale a conquis le jury et elles repartent avec le troph\u00e9e d&rsquo;Europasc\u00e8ne \u00e0 la 3\u00e8me place de la comp\u00e9tition.<\/p>\n\n\n\n<p>Pour les m\u00e9talliers on part sur une mise en sc\u00e8ne riche avec un sc\u00e9nario qui retrace l&rsquo;histoire franco-allemande de la ma\u00eetrise du m\u00e9tal.<\/p>\n\n\n\n<figure class=\"wp-block-embed is-type-video is-provider-youtube wp-block-embed-youtube wp-embed-aspect-16-9 wp-has-aspect-ratio\"><div class=\"wp-block-embed__wrapper\">\n<iframe loading=\"lazy\" title=\"EUROPASC\u00c8NE 2025 - EIN TRAUM VOM FORTSCHRITT\" width=\"950\" height=\"534\" src=\"https:\/\/www.youtube.com\/embed\/XLGiv5ixHqo?start=23&#038;feature=oembed\" frameborder=\"0\" allow=\"accelerometer; autoplay; clipboard-write; encrypted-media; gyroscope; picture-in-picture; web-share\" referrerpolicy=\"strict-origin-when-cross-origin\" allowfullscreen><\/iframe>\n<\/div><figcaption class=\"wp-element-caption\">Groupe des m\u00e9talliers de la Gewerbliche Schule de Lahr et des compagnons de devoir de Strasbourg<\/figcaption><\/figure>\n\n\n\n<p><strong>L&rsquo;Edition 2024 <\/strong><\/p>\n\n\n\n<p>Cette ann\u00e9e, deux groupes lui sont confi\u00e9s : d&rsquo;une part les apprentis CHARPENTIERS des Compagnons du devoir de Strasbourg et ceux du B\u00fcrstner GmbH &amp; Co de Kehl et d&rsquo;autre part les apprentis ELECTRICIENS du Corbusier de Illkirch et de la Gewerbliche Schule de Lahr.<\/p>\n\n\n\n<p>La comp\u00e9tition de cette ann\u00e9e est couronn\u00e9e de succ\u00e8s car Ana\u00efs GASPARINI a su emmener les jeunes au sommet ! Ils ont \u00e9t\u00e9 MEDAILLES D&rsquo;OR et DOUBLEMENT MEDAILLES D&rsquo;ARGENT lors de cette comp\u00e9tition europ\u00e9enne franco-allemande ! Une exp\u00e9rience qu&rsquo;ils ne risquent pas d&rsquo;oublier !<\/p>\n\n\n\n<figure class=\"is-layout-flex wp-block-gallery-1 wp-block-gallery has-nested-images columns-default is-cropped\">\n<figure class=\"wp-block-image size-full\"><img decoding=\"async\" loading=\"lazy\" width=\"1024\" height=\"781\" data-id=\"640\"  src=\"https:\/\/acuproduction.com\/wp-content\/uploads\/2024\/05\/Throphe-europascene-2024-1.jpeg\" alt=\"\" class=\"wp-image-640\" srcset=\"https:\/\/acuproduction.com\/wp-content\/uploads\/2024\/05\/Throphe-europascene-2024-1.jpeg 1024w, https:\/\/acuproduction.com\/wp-content\/uploads\/2024\/05\/Throphe-europascene-2024-1-300x229.jpeg 300w\" sizes=\"(max-width: 1024px) 100vw, 1024px\" \/><\/figure>\n\n\n\n<figure class=\"wp-block-image size-full\"><img decoding=\"async\" loading=\"lazy\" width=\"1024\" height=\"768\" data-id=\"636\"  src=\"https:\/\/acuproduction.com\/wp-content\/uploads\/2024\/05\/3c2435dd-d213-4199-8a1e-1cb6bd0d1eb4.jpeg\" alt=\"\" class=\"wp-image-636\" srcset=\"https:\/\/acuproduction.com\/wp-content\/uploads\/2024\/05\/3c2435dd-d213-4199-8a1e-1cb6bd0d1eb4.jpeg 1024w, https:\/\/acuproduction.com\/wp-content\/uploads\/2024\/05\/3c2435dd-d213-4199-8a1e-1cb6bd0d1eb4-300x225.jpeg 300w\" sizes=\"(max-width: 1024px) 100vw, 1024px\" \/><\/figure>\n<figcaption class=\"blocks-gallery-caption wp-element-caption\">Les deux groupes se rencontrent et sont en comp\u00e9tition ! <\/figcaption><\/figure>\n\n\n\n<p>Le t\u00e9moignage de la metteure en sc\u00e8ne ici : <strong><mark style=\"background-color:rgba(0, 0, 0, 0)\" class=\"has-inline-color has-secondary-color\">https:\/\/www.instagram.com\/p\/C9z4ghChK0f\/<\/mark><\/strong><\/p>\n\n\n\n<p class=\"has-text-align-center\"><strong>Les prix remport\u00e9s sur la sc\u00e8ne ! <\/strong><\/p>\n\n\n\n<figure class=\"is-layout-flex wp-block-gallery-3 wp-block-gallery has-nested-images columns-default is-cropped\">\n<figure class=\"wp-block-image size-large\"><img decoding=\"async\" data-id=\"655\"  src=\"https:\/\/acuproduction.com\/wp-content\/uploads\/2024\/05\/EuropaSceneLahr_Prix-03169.jpg\" alt=\"\" class=\"wp-image-655\"\/><figcaption class=\"wp-element-caption\">MEDAILLE D&rsquo;OR au th\u00e9\u00e2tre de Lahr en Allemagne <\/figcaption><\/figure>\n\n\n\n<figure class=\"wp-block-image size-large\"><img decoding=\"async\" loading=\"lazy\" width=\"2560\" height=\"1707\" data-id=\"650\"  src=\"https:\/\/acuproduction.com\/wp-content\/uploads\/2024\/05\/EuropaSceneStrasbourg_Prix-03597-scaled.jpg\" alt=\"\" class=\"wp-image-650\" srcset=\"https:\/\/acuproduction.com\/wp-content\/uploads\/2024\/05\/EuropaSceneStrasbourg_Prix-03597-scaled.jpg 2560w, https:\/\/acuproduction.com\/wp-content\/uploads\/2024\/05\/EuropaSceneStrasbourg_Prix-03597-300x200.jpg 300w\" sizes=\"(max-width: 2560px) 100vw, 2560px\" \/><figcaption class=\"wp-element-caption\">MEDAILLE D&rsquo;ARGENT au Point d&rsquo;eau de Ostwald <\/figcaption><\/figure>\n\n\n\n<figure class=\"wp-block-image size-large\"><img decoding=\"async\" loading=\"lazy\" width=\"2560\" height=\"1707\" data-id=\"649\"  src=\"https:\/\/acuproduction.com\/wp-content\/uploads\/2024\/05\/EuropaSceneColmar_Prix-04041-scaled.jpg\" alt=\"\" class=\"wp-image-649\" srcset=\"https:\/\/acuproduction.com\/wp-content\/uploads\/2024\/05\/EuropaSceneColmar_Prix-04041-scaled.jpg 2560w, https:\/\/acuproduction.com\/wp-content\/uploads\/2024\/05\/EuropaSceneColmar_Prix-04041-300x200.jpg 300w\" sizes=\"(max-width: 2560px) 100vw, 2560px\" \/><figcaption class=\"wp-element-caption\">Troph\u00e9e 2\u00e8me place de la comp\u00e9tition franco-allemande au th\u00e9\u00e2tre municipal de Colmar <\/figcaption><\/figure>\n<\/figure>\n\n\n\n<p class=\"has-text-align-center\"><strong>Les \u00e9lectriciens avec leur pi\u00e8ce \u00ab\u00a0pas la lumi\u00e8re \u00e0 tous les \u00e9tages !\u00a0\u00bb<\/strong><\/p>\n\n\n\n<figure class=\"is-layout-flex wp-block-gallery-5 wp-block-gallery has-nested-images columns-default is-cropped\">\n<figure class=\"wp-block-image size-large\"><img decoding=\"async\" data-id=\"660\"  src=\"https:\/\/acuproduction.com\/wp-content\/uploads\/2024\/05\/EuropaSceneColmar_Scne-03775.jpg\" alt=\"\" class=\"wp-image-660\"\/><figcaption class=\"wp-element-caption\">Une \u00e9quipe d&rsquo;\u00e9lectriciens pour sauver le monde ! <\/figcaption><\/figure>\n\n\n\n<figure class=\"wp-block-image size-large\"><img decoding=\"async\" data-id=\"661\"  src=\"https:\/\/acuproduction.com\/wp-content\/uploads\/2024\/05\/EuropaSceneLahr_Scene-00685.jpg\" alt=\"\" class=\"wp-image-661\"\/><figcaption class=\"wp-element-caption\">Une com\u00e9die \u00e9lectrique !<\/figcaption><\/figure>\n\n\n\n<figure class=\"wp-block-image size-large\"><img decoding=\"async\" data-id=\"672\"  src=\"https:\/\/acuproduction.com\/wp-content\/uploads\/2024\/05\/EuropaSceneLahr_Scene-00682.jpg\" alt=\"\" class=\"wp-image-672\"\/><figcaption class=\"wp-element-caption\">Des personnages hauts en couleur !<\/figcaption><\/figure>\n\n\n\n<figure class=\"wp-block-image size-large\"><img decoding=\"async\" loading=\"lazy\" width=\"1024\" height=\"683\" data-id=\"668\"  src=\"https:\/\/acuproduction.com\/wp-content\/uploads\/2024\/05\/EuropaSceneColmar_Scne-02032-1024x683.jpg\" alt=\"\" class=\"wp-image-668\" srcset=\"https:\/\/acuproduction.com\/wp-content\/uploads\/2024\/05\/EuropaSceneColmar_Scne-02032-1024x683.jpg 1024w, https:\/\/acuproduction.com\/wp-content\/uploads\/2024\/05\/EuropaSceneColmar_Scne-02032-300x200.jpg 300w\" sizes=\"(max-width: 1024px) 100vw, 1024px\" \/><figcaption class=\"wp-element-caption\">Manipulations de c\u00e2blage artistique sur sc\u00e8ne ! <\/figcaption><\/figure>\n\n\n\n<figure class=\"wp-block-image size-large\"><img decoding=\"async\" data-id=\"657\"  src=\"https:\/\/acuproduction.com\/wp-content\/uploads\/2024\/05\/EuropaSceneColmar_Scne-03780.jpg\" alt=\"\" class=\"wp-image-657\"\/><figcaption class=\"wp-element-caption\">Une fin heureuse !<\/figcaption><\/figure>\n\n\n\n<figure class=\"wp-block-image size-large\"><img decoding=\"async\" data-id=\"656\"  src=\"https:\/\/acuproduction.com\/wp-content\/uploads\/2024\/05\/EuropaSceneLahr_Groupes-03043.jpg\" alt=\"\" class=\"wp-image-656\"\/><figcaption class=\"wp-element-caption\">En sortie de sc\u00e8ne dans les coulisses <\/figcaption><\/figure>\n<\/figure>\n\n\n\n<figure class=\"wp-block-embed is-type-video is-provider-youtube wp-block-embed-youtube wp-embed-aspect-16-9 wp-has-aspect-ratio\"><div class=\"wp-block-embed__wrapper\">\n<iframe loading=\"lazy\" title=\"EUROPASC\u00c8NE 2024  - \ud83e\udd48SECOND PRICE - PAS DE LUMI\u00c8RES \u00c0 TOUS LES \u00c9TAGES \/ KEIN LICHT AUF ALLEN ETAGEN\" width=\"950\" height=\"534\" src=\"https:\/\/www.youtube.com\/embed\/-_hXIyYiUKg?feature=oembed\" frameborder=\"0\" allow=\"accelerometer; autoplay; clipboard-write; encrypted-media; gyroscope; picture-in-picture; web-share\" referrerpolicy=\"strict-origin-when-cross-origin\" allowfullscreen><\/iframe>\n<\/div><\/figure>\n\n\n\n<p class=\"has-text-align-center\"><strong>Les charpentiers avec leur sc\u00e8ne \u00ab\u00a0touchons du bois\u00a0\u00bb ! <\/strong><\/p>\n\n\n\n<figure class=\"is-layout-flex wp-block-gallery-7 wp-block-gallery has-nested-images columns-default is-cropped\">\n<figure class=\"wp-block-image size-large\"><img decoding=\"async\" data-id=\"664\"  src=\"https:\/\/acuproduction.com\/wp-content\/uploads\/2024\/05\/EuropaSceneColmar_Scne-01976.jpg\" alt=\"\" class=\"wp-image-664\"\/><figcaption class=\"wp-element-caption\">La place des femmes dans la charpenterie, se faire sa place dans un milieu d&rsquo;hommes <\/figcaption><\/figure>\n\n\n\n<figure class=\"wp-block-image size-large\"><img decoding=\"async\" data-id=\"671\"  src=\"https:\/\/acuproduction.com\/wp-content\/uploads\/2024\/05\/EuropaSceneColmar_Scne-01758.jpg\" alt=\"\" class=\"wp-image-671\"\/><figcaption class=\"wp-element-caption\">Une fiert\u00e9 \u00e0 exercer en b\u00e2tissant le monde de demain  <\/figcaption><\/figure>\n\n\n\n<figure class=\"wp-block-image size-large\"><img decoding=\"async\" data-id=\"669\"  src=\"https:\/\/acuproduction.com\/wp-content\/uploads\/2024\/05\/EuropaSceneStrasbourg_Scene-01431.jpg\" alt=\"\" class=\"wp-image-669\"\/><figcaption class=\"wp-element-caption\">Ils ont mont\u00e9 en live une structure de charpente sur sc\u00e8ne ! <\/figcaption><\/figure>\n\n\n\n<figure class=\"wp-block-image size-large\"><img decoding=\"async\" data-id=\"666\"  src=\"https:\/\/acuproduction.com\/wp-content\/uploads\/2024\/05\/EuropaSceneColmar_Scne-01752.jpg\" alt=\"\" class=\"wp-image-666\"\/><figcaption class=\"wp-element-caption\">Des personnages inspir\u00e9s de leurs \u00e9quipes en entreprise <\/figcaption><\/figure>\n\n\n\n<figure class=\"wp-block-image size-large\"><img decoding=\"async\" data-id=\"662\"  src=\"https:\/\/acuproduction.com\/wp-content\/uploads\/2024\/05\/EuropaSceneStrasbourg_Scene-01410.jpg\" alt=\"\" class=\"wp-image-662\"\/><figcaption class=\"wp-element-caption\">Une comp\u00e9tition entre deux entreprises pour d\u00e9finir le meilleur projet <\/figcaption><\/figure>\n\n\n\n<figure class=\"wp-block-image size-large\"><img decoding=\"async\" data-id=\"659\"  src=\"https:\/\/acuproduction.com\/wp-content\/uploads\/2024\/05\/EuropaSceneStrasbourg_Scene-03367.jpg\" alt=\"\" class=\"wp-image-659\"\/><figcaption class=\"wp-element-caption\">Finale de la pi\u00e8ce<\/figcaption><\/figure>\n<\/figure>\n\n\n\n<figure class=\"wp-block-embed is-type-video is-provider-youtube wp-block-embed-youtube wp-embed-aspect-16-9 wp-has-aspect-ratio\"><div class=\"wp-block-embed__wrapper\">\n<iframe loading=\"lazy\" title=\"EUROPASC\u00c8NE 2024  - TOUCHONS DU BOIS ! \/ AUF HOLZ KLOPFEN!\" width=\"950\" height=\"534\" src=\"https:\/\/www.youtube.com\/embed\/tucv2ca_hbg?feature=oembed\" frameborder=\"0\" allow=\"accelerometer; autoplay; clipboard-write; encrypted-media; gyroscope; picture-in-picture; web-share\" referrerpolicy=\"strict-origin-when-cross-origin\" allowfullscreen><\/iframe>\n<\/div><\/figure>\n\n\n\n<p><strong>L&rsquo;Edition 2023<\/strong><\/p>\n\n\n\n<p>Les apprentis en HOTELLERIE-RESTAURATION de l&rsquo;Edith Stein Schule de Freiburg  et du CFA Adrien Zeller de Illkirch&nbsp;ont \u00e9t\u00e9 accompagn\u00e9s dans leurs premiers pas sur sc\u00e8ne avec la metteure en sc\u00e8ne Ana\u00efs Gasparini.<\/p>\n\n\n\n<figure class=\"is-layout-flex wp-block-gallery-9 wp-block-gallery has-nested-images columns-default is-cropped\">\n<figure class=\"wp-block-image size-large\"><img decoding=\"async\" loading=\"lazy\" width=\"1024\" height=\"577\" data-id=\"283\"  src=\"https:\/\/acuproduction.com\/wp-content\/uploads\/2023\/06\/9588dae9-c8c1-4b88-9324-fb5b052f3aea-1024x577.jpg\" alt=\"\" class=\"wp-image-283\" srcset=\"https:\/\/acuproduction.com\/wp-content\/uploads\/2023\/06\/9588dae9-c8c1-4b88-9324-fb5b052f3aea-1024x577.jpg 1024w, https:\/\/acuproduction.com\/wp-content\/uploads\/2023\/06\/9588dae9-c8c1-4b88-9324-fb5b052f3aea-300x169.jpg 300w, https:\/\/acuproduction.com\/wp-content\/uploads\/2023\/06\/9588dae9-c8c1-4b88-9324-fb5b052f3aea-768x432.jpg 768w, https:\/\/acuproduction.com\/wp-content\/uploads\/2023\/06\/9588dae9-c8c1-4b88-9324-fb5b052f3aea-1536x865.jpg 1536w, https:\/\/acuproduction.com\/wp-content\/uploads\/2023\/06\/9588dae9-c8c1-4b88-9324-fb5b052f3aea-600x338.jpg 600w, https:\/\/acuproduction.com\/wp-content\/uploads\/2023\/06\/9588dae9-c8c1-4b88-9324-fb5b052f3aea.jpg 1600w\" sizes=\"(max-width: 1024px) 100vw, 1024px\" \/><figcaption class=\"wp-element-caption\">Rencontre franco-allemande du 2 f\u00e9vrier 2023<\/figcaption><\/figure>\n\n\n\n<figure class=\"wp-block-image size-large\"><img decoding=\"async\" loading=\"lazy\" width=\"1024\" height=\"472\" data-id=\"285\"  src=\"https:\/\/acuproduction.com\/wp-content\/uploads\/2023\/06\/thumbnail_ec69d35a-5a6c-4202-accd-3987d352678b-1024x472.jpg\" alt=\"\" class=\"wp-image-285\" srcset=\"https:\/\/acuproduction.com\/wp-content\/uploads\/2023\/06\/thumbnail_ec69d35a-5a6c-4202-accd-3987d352678b-1024x472.jpg 1024w, https:\/\/acuproduction.com\/wp-content\/uploads\/2023\/06\/thumbnail_ec69d35a-5a6c-4202-accd-3987d352678b-300x138.jpg 300w, https:\/\/acuproduction.com\/wp-content\/uploads\/2023\/06\/thumbnail_ec69d35a-5a6c-4202-accd-3987d352678b-768x354.jpg 768w, https:\/\/acuproduction.com\/wp-content\/uploads\/2023\/06\/thumbnail_ec69d35a-5a6c-4202-accd-3987d352678b-600x277.jpg 600w, https:\/\/acuproduction.com\/wp-content\/uploads\/2023\/06\/thumbnail_ec69d35a-5a6c-4202-accd-3987d352678b.jpg 1288w\" sizes=\"(max-width: 1024px) 100vw, 1024px\" \/><figcaption class=\"wp-element-caption\">Cours th\u00e9orique au CFA Adrien Zeller d\u2019Illkirch<\/figcaption><\/figure>\n<\/figure>\n\n\n\n<div class=\"wp-block-media-text alignwide is-stacked-on-mobile\"><figure class=\"wp-block-media-text__media\"><img decoding=\"async\" loading=\"lazy\" width=\"1024\" height=\"505\" src=\"http:\/\/acuproduction.com\/wp-content\/uploads\/2023\/06\/e9cb25ab-907b-400b-b840-f661791b0f01-1024x505.jpg\" alt=\"\" class=\"wp-image-284 size-full\" srcset=\"https:\/\/acuproduction.com\/wp-content\/uploads\/2023\/06\/e9cb25ab-907b-400b-b840-f661791b0f01-1024x505.jpg 1024w, https:\/\/acuproduction.com\/wp-content\/uploads\/2023\/06\/e9cb25ab-907b-400b-b840-f661791b0f01-300x148.jpg 300w, https:\/\/acuproduction.com\/wp-content\/uploads\/2023\/06\/e9cb25ab-907b-400b-b840-f661791b0f01-768x379.jpg 768w, https:\/\/acuproduction.com\/wp-content\/uploads\/2023\/06\/e9cb25ab-907b-400b-b840-f661791b0f01-1536x757.jpg 1536w, https:\/\/acuproduction.com\/wp-content\/uploads\/2023\/06\/e9cb25ab-907b-400b-b840-f661791b0f01-600x296.jpg 600w, https:\/\/acuproduction.com\/wp-content\/uploads\/2023\/06\/e9cb25ab-907b-400b-b840-f661791b0f01.jpg 1600w\" sizes=\"(max-width: 1024px) 100vw, 1024px\" \/><\/figure><div class=\"wp-block-media-text__content\">\n<p>Avec des m\u00e9thodes innovantes et modernes, Ana\u00efs Gasparini a choisi une approche ludique du th\u00e9\u00e2tre avec une attention particuli\u00e8re sur la confiance en soi de ses \u00e9l\u00e8ves. Pendant 5 mois, ils ont pu exp\u00e9rimenter un programme crescendo vers l\u2019expression de soi cr\u00e9\u00e9 par l\u2019artiste qu\u2019elle a adapt\u00e9 en fonction des envies de ses \u00e9l\u00e8ves. Transmettre sa passion de l\u2019acting fut une mission r\u00e9ussie car beaucoup d\u2019entre eux veulent commencer le th\u00e9\u00e2tre et tout le monde voulait r\u00e9it\u00e9rer l\u2019exp\u00e9rience d\u2019Europasc\u00e8ne !<\/p>\n<\/div><\/div>\n\n\n\n<p><em>La sc\u00e8ne cr\u00e9\u00e9e m\u00eale th\u00e9\u00e2tre et danse sur le th\u00e8me des r\u00e9seaux sociaux, l\u2019\u00eatre et le para\u00eetre. Un sujet contemporain et d\u2019actualit\u00e9 que partage ces jeunes au quotidien. Une sc\u00e8ne engag\u00e9e en faveur du moment pr\u00e9sent et de l\u2019authenticit\u00e9.<\/em><\/p>\n\n\n\n<figure class=\"wp-block-embed aligncenter is-type-video is-provider-youtube wp-block-embed-youtube wp-embed-aspect-16-9 wp-has-aspect-ratio\"><div class=\"wp-block-embed__wrapper\">\n<iframe loading=\"lazy\" title=\"EUROPASC\u00c8NE 2023 - De l&#039;autre c\u00f4t\u00e9 du miroir \/ Auf der anderen Seite des Spiegels\" width=\"950\" height=\"534\" src=\"https:\/\/www.youtube.com\/embed\/Ewmx0kaxHnI?start=1&#038;feature=oembed\" frameborder=\"0\" allow=\"accelerometer; autoplay; clipboard-write; encrypted-media; gyroscope; picture-in-picture; web-share\" referrerpolicy=\"strict-origin-when-cross-origin\" allowfullscreen><\/iframe>\n<\/div><figcaption class=\"wp-element-caption\">Sc\u00e8ne des apprentis d&rsquo;ANAIS GASPARINI au th\u00e9\u00e2tre de Wissembourg en mai 2023<\/figcaption><\/figure>\n\n\n\n<figure class=\"wp-block-embed is-type-video is-provider-youtube wp-block-embed-youtube wp-embed-aspect-16-9 wp-has-aspect-ratio\"><div class=\"wp-block-embed__wrapper\">\n<iframe loading=\"lazy\" title=\"EUROPASC\u00c8NE 2024 - BEST OF\" width=\"950\" height=\"534\" src=\"https:\/\/www.youtube.com\/embed\/Y8RnrcS6lU0?feature=oembed\" frameborder=\"0\" allow=\"accelerometer; autoplay; clipboard-write; encrypted-media; gyroscope; picture-in-picture; web-share\" referrerpolicy=\"strict-origin-when-cross-origin\" allowfullscreen><\/iframe>\n<\/div><figcaption class=\"wp-element-caption\">BEST OF EUROPASCENE 2024<\/figcaption><\/figure>\n","protected":false},"excerpt":{"rendered":"<p>Depuis 2023, Ana\u00efs Gasparini est metteure en sc\u00e8ne pour des apprentis (niveau CAP, BTS) des deux c\u00f4t\u00e9s du Rhin. Son quadrilinguisme lui permet d&rsquo;enseigner le th\u00e9\u00e2tre en France comme en Allemagne. DECOUVREZ LE CONCEPT ET LE PROGRAMME D&rsquo;EUROPASCENE ICI : https:\/\/apprentiscene.fr\/europascene\/ Edition 2025 Cette ann\u00e9e Ana\u00efs Gasparini est \u00e0 nouveau \u00e0 la mise en sc\u00e8ne &hellip; <\/p>\n<p class=\"link-more\"><a href=\"https:\/\/acuproduction.com\/index.php\/metteure-en-scene-europeenne\/\" class=\"more-link\">Lire la suite de<span class=\"screen-reader-text\">\u00ab\u00a0Metteure en sc\u00e8ne europ\u00e9enne : EUROPASCENE\u00a0\u00bb<\/span><\/a><\/p>\n","protected":false},"author":1,"featured_media":0,"parent":0,"menu_order":0,"comment_status":"closed","ping_status":"closed","template":"","meta":[],"featured_media_urls":[],"_links":{"self":[{"href":"https:\/\/acuproduction.com\/index.php\/wp-json\/wp\/v2\/pages\/478"}],"collection":[{"href":"https:\/\/acuproduction.com\/index.php\/wp-json\/wp\/v2\/pages"}],"about":[{"href":"https:\/\/acuproduction.com\/index.php\/wp-json\/wp\/v2\/types\/page"}],"author":[{"embeddable":true,"href":"https:\/\/acuproduction.com\/index.php\/wp-json\/wp\/v2\/users\/1"}],"replies":[{"embeddable":true,"href":"https:\/\/acuproduction.com\/index.php\/wp-json\/wp\/v2\/comments?post=478"}],"version-history":[{"count":18,"href":"https:\/\/acuproduction.com\/index.php\/wp-json\/wp\/v2\/pages\/478\/revisions"}],"predecessor-version":[{"id":990,"href":"https:\/\/acuproduction.com\/index.php\/wp-json\/wp\/v2\/pages\/478\/revisions\/990"}],"wp:attachment":[{"href":"https:\/\/acuproduction.com\/index.php\/wp-json\/wp\/v2\/media?parent=478"}],"curies":[{"name":"wp","href":"https:\/\/api.w.org\/{rel}","templated":true}]}}