{"id":7,"date":"2023-02-08T16:46:53","date_gmt":"2023-02-08T15:46:53","guid":{"rendered":"http:\/\/acuproduction.com\/?page_id=7"},"modified":"2025-05-31T16:48:18","modified_gmt":"2025-05-31T14:48:18","slug":"a-c-u-production","status":"publish","type":"page","link":"https:\/\/acuproduction.com\/","title":{"rendered":"A.C.U Production"},"content":{"rendered":"\n<p>A sa t\u00eate, l&rsquo;actrice fran\u00e7aise Ana\u00efs GASPARINI. Avec un profil tr\u00e8s diversifi\u00e9, cette artiste polyvalente sc\u00e9nariste et r\u00e9alisatrice de cin\u00e9ma se produit \u00e9galement sur sc\u00e8ne en tant que com\u00e9dienne, metteure en sc\u00e8ne de th\u00e9\u00e2tre ainsi que chanteuse interpr\u00e8te et mod\u00e8le photo.<\/p>\n\n\n\n<p>A.C.U Production est n\u00e9e de la volont\u00e9 de r\u00e9aliser ses r\u00eaves artistiques. V\u00e9ritable <em>dreamaker<\/em>, c&rsquo;est le d\u00e9but d&rsquo;une riche aventure artistique, remplie de belles exp\u00e9riences humaines. <\/p>\n\n\n\n<p>Elle a \u00e9t\u00e9 10 fois prim\u00e9e MEILLEURE ACTRICE et 8 fois prim\u00e9e MEILLEURE REALISATRICE, 1 fois MEILLEURE SCENARISTE dans des festivals internationaux. Ses films ont remport\u00e9s 39 prix en tout et ont r\u00e9compens\u00e9 \u00e9galement les membres de son \u00e9quipe d&rsquo;acteurs et de techniciens.<\/p>\n\n\n\n<p>C\u00f4t\u00e9 th\u00e9\u00e2tre, elle a \u00e9t\u00e9 MEDAILLEE D&rsquo;OR et DOUBLEMENT MEDAILLEE D&rsquo;ARGENT en tant que metteure en sc\u00e8ne lors de la comp\u00e9tition d&rsquo;Europasc\u00e8ne 2024 et a \u00e9t\u00e9 m\u00e9daill\u00e9 avec le PRIX DU PUBLIC et a re\u00e7u le TROPHEE de la 3\u00e8me place lors de l&rsquo;\u00e9dition 2025 de la comp\u00e9tition.<\/p>\n\n\n\n<figure class=\"wp-block-image size-large\"><img decoding=\"async\" loading=\"lazy\" width=\"1024\" height=\"685\" src=\"http:\/\/acuproduction.com\/wp-content\/uploads\/2023\/11\/P1090932-1-1024x685.jpg\" alt=\"\" class=\"wp-image-449\" srcset=\"https:\/\/acuproduction.com\/wp-content\/uploads\/2023\/11\/P1090932-1-1024x685.jpg 1024w, https:\/\/acuproduction.com\/wp-content\/uploads\/2023\/11\/P1090932-1-300x201.jpg 300w, https:\/\/acuproduction.com\/wp-content\/uploads\/2023\/11\/P1090932-1-768x514.jpg 768w, https:\/\/acuproduction.com\/wp-content\/uploads\/2023\/11\/P1090932-1-1536x1027.jpg 1536w, https:\/\/acuproduction.com\/wp-content\/uploads\/2023\/11\/P1090932-1-2048x1370.jpg 2048w, https:\/\/acuproduction.com\/wp-content\/uploads\/2023\/11\/P1090932-1-2000x1338.jpg 2000w, https:\/\/acuproduction.com\/wp-content\/uploads\/2023\/11\/P1090932-1-600x401.jpg 600w\" sizes=\"(max-width: 1024px) 100vw, 1024px\" \/><figcaption class=\"wp-element-caption\">Ana\u00efs Gasparini<\/figcaption><\/figure>\n\n\n\n<p>Pour suivre son actualit\u00e9 artistique c&rsquo;est par ici : <a rel=\"noreferrer noopener\" href=\"https:\/\/www.facebook.com\/anais.gasparini.92\/\" target=\"_blank\">https:\/\/www.facebook.com\/anais.gasparini.92\/<\/a><\/p>\n\n\n\n<figure class=\"wp-block-embed is-type-video is-provider-youtube wp-block-embed-youtube wp-embed-aspect-16-9 wp-has-aspect-ratio\"><div class=\"wp-block-embed__wrapper\">\n<iframe loading=\"lazy\" title=\"A.C.U Production, la boi\u0302te de production de l\u2019actrice Anai\u0308s Gasparini | TOP FAMILY\" width=\"950\" height=\"534\" src=\"https:\/\/www.youtube.com\/embed\/EcNweX0fyFs?feature=oembed\" frameborder=\"0\" allow=\"accelerometer; autoplay; clipboard-write; encrypted-media; gyroscope; picture-in-picture; web-share\" referrerpolicy=\"strict-origin-when-cross-origin\" allowfullscreen><\/iframe>\n<\/div><\/figure>\n\n\n\n<blockquote class=\"wp-block-quote\">\n<p> <em>\u00ab\u00a0Je pense que lorsqu&rsquo;on ne trouve pas sa place, il faut se la cr\u00e9er. Ana\u00efs.Cin\u00e9matic.Universe c&rsquo;est une extension de moi-m\u00eame. La concr\u00e9tisation mat\u00e9rielle de mes id\u00e9es. Et il faut dire que malgr\u00e9 toutes les difficult\u00e9s rencontr\u00e9es, je ne me suis jamais sentie aussi heureuse et \u00e9panouie depuis que je l&rsquo;ai cr\u00e9\u00e9e.\u00a0\u00bb<\/em><\/p>\n<cite>Interview chez Top Music Strasbourg 2023<\/cite><\/blockquote>\n","protected":false},"excerpt":{"rendered":"<p>A sa t\u00eate, l&rsquo;actrice fran\u00e7aise Ana\u00efs GASPARINI. Avec un profil tr\u00e8s diversifi\u00e9, cette artiste polyvalente sc\u00e9nariste et r\u00e9alisatrice de cin\u00e9ma se produit \u00e9galement sur sc\u00e8ne en tant que com\u00e9dienne, metteure en sc\u00e8ne de th\u00e9\u00e2tre ainsi que chanteuse interpr\u00e8te et mod\u00e8le photo. A.C.U Production est n\u00e9e de la volont\u00e9 de r\u00e9aliser ses r\u00eaves artistiques. V\u00e9ritable dreamaker, &hellip; <\/p>\n<p class=\"link-more\"><a href=\"https:\/\/acuproduction.com\/\" class=\"more-link\">Lire la suite de<span class=\"screen-reader-text\">\u00ab\u00a0A.C.U Production\u00a0\u00bb<\/span><\/a><\/p>\n","protected":false},"author":1,"featured_media":0,"parent":0,"menu_order":0,"comment_status":"closed","ping_status":"closed","template":"","meta":[],"featured_media_urls":[],"_links":{"self":[{"href":"https:\/\/acuproduction.com\/index.php\/wp-json\/wp\/v2\/pages\/7"}],"collection":[{"href":"https:\/\/acuproduction.com\/index.php\/wp-json\/wp\/v2\/pages"}],"about":[{"href":"https:\/\/acuproduction.com\/index.php\/wp-json\/wp\/v2\/types\/page"}],"author":[{"embeddable":true,"href":"https:\/\/acuproduction.com\/index.php\/wp-json\/wp\/v2\/users\/1"}],"replies":[{"embeddable":true,"href":"https:\/\/acuproduction.com\/index.php\/wp-json\/wp\/v2\/comments?post=7"}],"version-history":[{"count":37,"href":"https:\/\/acuproduction.com\/index.php\/wp-json\/wp\/v2\/pages\/7\/revisions"}],"predecessor-version":[{"id":956,"href":"https:\/\/acuproduction.com\/index.php\/wp-json\/wp\/v2\/pages\/7\/revisions\/956"}],"wp:attachment":[{"href":"https:\/\/acuproduction.com\/index.php\/wp-json\/wp\/v2\/media?parent=7"}],"curies":[{"name":"wp","href":"https:\/\/api.w.org\/{rel}","templated":true}]}}